{"id":5205,"date":"2023-04-18T19:01:26","date_gmt":"2023-04-18T16:01:26","guid":{"rendered":"https:\/\/agro.uoa.gr\/index.php\/psifiakes_deksiotites-copy\/"},"modified":"2024-01-29T14:21:18","modified_gmt":"2024-01-29T12:21:18","slug":"kinitiotita","status":"publish","type":"page","link":"https:\/\/agro.uoa.gr\/en\/kinitiotita\/","title":{"rendered":"Mobility"},"content":{"rendered":"<div data-vc-full-width=\"true\" data-vc-full-width-init=\"false\" data-vc-stretch-content=\"true\" class=\"vc_row wpb_row vc_row-fluid vc_custom_1681833824307 vc_row-has-fill\"><div class=\"wpb_column vc_column_container vc_col-md-12\"><div class=\"vc_column-inner\"><div class=\"wpb_wrapper\"><div class=\"vc_empty_space\"   style=\"height: 32px\"><span class=\"vc_empty_space_inner\"><\/span><\/div><div class=\"vc_empty_space\"   style=\"height: 32px\"><span class=\"vc_empty_space_inner\"><\/span><\/div><h1 style=\"font-size: 73px;color: #ffffff;text-align: center\" class=\"vc_custom_heading\" >Students\/Depatrment Staff Mobility<\/h1><div class=\"vc_empty_space\"   style=\"height: 32px\"><span class=\"vc_empty_space_inner\"><\/span><\/div><div class=\"vc_empty_space\"   style=\"height: 32px\"><span class=\"vc_empty_space_inner\"><\/span><\/div><\/div><\/div><\/div><\/div><div class=\"vc_row-full-width vc_clearfix\"><\/div><div class=\"vc_row wpb_row vc_row-fluid\"><div class=\"wpb_column vc_column_container vc_col-md-12\"><div class=\"vc_column-inner\"><div class=\"wpb_wrapper\">\n\t<div class=\"wpb_text_column wpb_content_element  text-justify text list\" >\n\t\t<div class=\"wpb_wrapper\">\n\t\t\t<p>In accordance with the Internal Operating Regulations (Chapter E, Article 29), the department encourages and facilitates in every way the mobility of both students and teaching and administrative staff to visit affiliated institutions of higher education or research institutes and organizations. The Department participates through the Institutional structure of NKUA in ERASMUS+ and CIVIS mobility programs. The relevant regulation that applies in each case is that of NKUA in accordance with the requirements of ERASMUS+ and CIVIS.<\/p>\n\n\t\t<\/div>\n\t<\/div>\n<\/div><\/div><\/div><\/div><div class=\"vc_row wpb_row vc_row-fluid\"><div class=\"wpb_column vc_column_container vc_col-md-12\"><div class=\"vc_column-inner\"><div class=\"wpb_wrapper\"><div class=\"panel-group panel-icon-plus panel-icon-align-left panel-shape-rounded\" id=\"accordion-0\" role=\"tablist\" aria-multiselectable=\"true\"><div class=\"panel\" style=\"\"><div class=\"panel-heading\" role=\"tab\" id=\"acc-heading-1681834171010-d9b1b5c7-f3d6\"><h4 class=\"panel-title text-left small-margin\"><a data-parent=\"#accordion-0\" class=\"collapsed\" role=\"button\" data-toggle=\"collapse\" href=\"#acc-1681834171010-d9b1b5c7-f3d6\" aria-expanded=\"true\" aria-controls=\"acc-1681834171010-d9b1b5c7-f3d6\"><span>ERASMUS+ Students Mobility<\/span><\/a><\/h4><\/div><div id=\"acc-1681834171010-d9b1b5c7-f3d6\" class=\"panel-collapse collapse\" role=\"tabpanel\" aria-labelledby=\"acc-heading-1681834171010-d9b1b5c7-f3d6\"><div class=\"panel-body\">\n\t<div class=\"wpb_text_column wpb_content_element  text-justify text list\" >\n\t\t<div class=\"wpb_wrapper\">\n\t\t\t<p>Erasmus+ is the European Commission's program for education, training, youth and sport, which aims to strengthen skills and modernize education, training and youth systems for the period 2021-2027 and has been in force since January 1, 2021. It replaced the EU programs that covered all areas of education: Lifelong Learning \u2013 Erasmus, Leonardo da Vinci, Comenius, Grundtvig, Tempus, etc.<\/p>\n<p><a name=\"_Toc125915160\"><\/a><strong><em>A.1 Program ERASMUS+ Studies<\/em><\/strong><strong><em>\u00a0 \u00a0 <\/em><\/strong><\/p>\n<p>The Erasmus+ Studies program subsidizes the mobility of undergraduate, postgraduate students and doctoral candidates of EKPA for the purpose of studying at European Universities, with which there are bilateral agreements.\u00a0<strong>Erasmus+ \u03a3\u03c0\u03bf\u03c5\u03b4\u03ad\u03c2<\/strong>\u00a0financially suports the mobility of undergraduate, postgraduate students and doctoral candidates of the Greek National Academy of Sciences for the purpose of studying at European Universities, with which there are bilateral agreements.<\/p>\n<p class=\" translation-block\">The main objective of the program is the full academic recognition of the<strong><\/strong>period of study abroad. Students choose from the host University's curriculum courses which must correspond to a maximum of 30 ECTS credits per semester of study or 20 ECTS credits in the case of studies completed within a quarter. The recognition of the studies is done through the transfer and matching of the score and credits with courses of their Department, if they are successfully examined at the host University.<\/p>\n<p class=\" translation-block\">The selection and assignment of courses<strong><\/strong>is recorded in the<strong><\/strong>\"Learning Agreement for Studies\"<strong><\/strong>form,<strong><\/strong>which is completed<strong><\/strong> &gt;with the guidance of the academic managers<strong><\/strong>of EKPA. The duration of participation is one academic semester. PhD candidates can exceptionally participate for a shorter period of time (minimum two months).<\/p>\n<p>Information about the participation process is provided by the Department of Public Relations and History of NKUA: <a href=\"http:\/\/www.interel.uoa.gr\/erasmus\/sm.html\"><em>http:\/\/www.interel.uoa.gr\/erasmus\/sm.html<\/em><\/a><strong><em>\u00a0\u00a0 <\/em><\/strong><\/p>\n<p><a name=\"_Toc125915161\"><\/a><strong><em>A.2 Program <\/em><\/strong><strong><em>Erasmus+ <\/em><\/strong><strong><em>Placement<\/em><\/strong><strong><em>\u00a0 <\/em><\/strong><strong><em>\u00a0 <\/em><\/strong><\/p>\n<p>The mobility of students for internships abroad aims to gain work experience relevant to the subject of their studies and can be carried out with a physical presence at the host institution, in the host country. It is noted that attending courses at a higher educational institution\/institute or preparing part of their master's\/doctoral thesis cannot be considered an internship.<\/p>\n<p>Students can move for a total of 12 months in each study cycle (undergraduate, postgraduate, doctoral) regardless of the number and type of mobility (studies or internship). The movement of students takes place through the bilateral agreements of the Department in which they study with corresponding departments of the collaborating Universities.<\/p>\n<p>Information about the participation process is provided by the Department of Public Relations and History of NKUA: <a href=\"http:\/\/www.interel.uoa.gr\/erasmus.html\"><em>http:\/\/www.interel.uoa.gr\/erasmus.html<\/em><\/a><em> <strong>\u00a0<\/strong><\/em><\/p>\n<p><strong>For more information please contact the Depatrment ERASMUS+ programs delegate, Assistant Professor Antonia Terpou (aterpou@agro.uoa.gr) or deputy Assistant Professor Ioannis Doukas (jodoukas@agro.uoa.gr).<\/strong><\/p>\n\n\t\t<\/div>\n\t<\/div>\n<\/div><\/div><\/div><div class=\"panel\" style=\"\"><div class=\"panel-heading\" role=\"tab\" id=\"acc-heading-1681834171023-1c426d38-30b7\"><h4 class=\"panel-title text-left small-margin\"><a data-parent=\"#accordion-0\" class=\"collapsed\" role=\"button\" data-toggle=\"collapse\" href=\"#acc-1681834171023-1c426d38-30b7\" aria-expanded=\"true\" aria-controls=\"acc-1681834171023-1c426d38-30b7\"><span>International Cooperations. CIVIS Network.<\/span><\/a><\/h4><\/div><div id=\"acc-1681834171023-1c426d38-30b7\" class=\"panel-collapse collapse\" role=\"tabpanel\" aria-labelledby=\"acc-heading-1681834171023-1c426d38-30b7\"><div class=\"panel-body\">\n\t<div class=\"wpb_text_column wpb_content_element  text-justify text list\" >\n\t\t<div class=\"wpb_wrapper\">\n\t\t\t<p>CIVIS is a network of public European Universities with the aim of creating a European University. The ten Universities that are members of the network are:<\/p>\n<p>1. Aix-Marseille Universit\u00e9, Aix-en-Provence, Marseille, France,<\/p>\n<p>2. National and Kapodistrian University of Athens<\/p>\n<p>3. Universit\u00e9 Libre de Bruxelles, Brussels, Belgium,<\/p>\n<p>4. Universitatea din Bucure\u0219ti, Bucharest, Romania,<\/p>\n<p>5. Universidad Aut\u00f3noma de Madrid, Madrid, Spain<\/p>\n<p>6. \u201cLa Sapienza\u201d Universit\u00e0 di Roma, Rome, Italy<\/p>\n<p>7. Stockholms Universitet, Stockholm, Sweden<\/p>\n<p>8. Eberhard-Karls-Universit\u00e4t T\u00fcbingen, T\u00fcbingen, Germany,<\/p>\n<p>9 .University of Glasgow, Glasgow, UK<\/p>\n<p>10. Paris Lodron Universit\u00e4t Salzburg, Salzburg, Austria<\/p>\n<p>In the context of this cooperation, a student exchange program is also implemented. Information about the financial support, the participation process, etc. are given by the CIVIS website of NKUA: <a href=\"https:\/\/civis.eu\/el\"><strong><em>https:\/\/civis.eu\/el<\/em><\/strong><\/a><\/p>\n<p>The Department promotes and participates in the actions of the Department of International Academic Programs and Other Educational Activities of the Foundation.<\/p>\n<p class=\" translation-block\">Mobility is funded centrally with a lump sum to cover needs for the duration. Those interested can visit the address: <strong><a href=\"http:\/\/www.interel.uoa.gr\/erasmus\/civis.html\" target=\"_self\">http:\/\/www.interel. uoa.gr\/erasmus\/civis.html<\/a><\/strong>as well as to contact the academic manager of the Department at EKPA (Sofokleous 1 &amp; Aristidou, 6th floor, Office 602, tel. +30 210 36 89 469).<\/p>\n<p><strong>For more information please contact the Depatrment ERASMUS+ programs delegate, Assistant Professor Ioannis Doukas (jodoukas@agro.uoa.gr) or deputy Assistant Professor Antonia Terpou (aterpou@agro.uoa.gr)<\/strong><\/p>\n\n\t\t<\/div>\n\t<\/div>\n<\/div><\/div><\/div><div class=\"panel\" style=\"\"><div class=\"panel-heading\" role=\"tab\" id=\"acc-heading-1685181365221-3474b1a2-a02e\"><h4 class=\"panel-title text-left small-margin\"><a data-parent=\"#accordion-0\" class=\"collapsed\" role=\"button\" data-toggle=\"collapse\" href=\"#acc-1685181365221-3474b1a2-a02e\" aria-expanded=\"true\" aria-controls=\"acc-1685181365221-3474b1a2-a02e\"><span>ERASMUS+ Department Staff Mobility<\/span><\/a><\/h4><\/div><div id=\"acc-1685181365221-3474b1a2-a02e\" class=\"panel-collapse collapse\" role=\"tabpanel\" aria-labelledby=\"acc-heading-1685181365221-3474b1a2-a02e\"><div class=\"panel-body\">\n\t<div class=\"wpb_text_column wpb_content_element  text-justify text list\" >\n\t\t<div class=\"wpb_wrapper\">\n\t\t\t<p>Erasmus+ is the European Commission's program for education, training, youth and sport, which aims to strengthen skills and modernize education, training and youth systems for the period 2021-2027 and has been in force since January 1, 2021. It replaced the EU programs that covered all areas of education: Lifelong Learning \u2013 Erasmus, Leonardo da Vinci, Comenius, Grundtvig, Tempus, etc.<\/p>\n<p>The following programs support department staff mobility:<\/p>\n<p class=\" translation-block\"><strong><em>A.3 Movements of short-term outgoing teaching\/research staff<\/em><\/strong><strong><em><\/em><\/strong><strong><em>for<\/em> <\/strong><strong><em><\/em><\/strong><strong><em>teaching or teaching with embedded training (<\/em><\/strong><strong><em>STA<\/em> <\/strong><strong><em>)<\/em><\/strong><\/p>\n<p class=\" translation-block\">This action of the Erasmus+ program concerns the mobility of teaching\/research staff for teaching or a combination of teaching and training, in the universities abroad with which they have concluded <a href=\"http:\/\/www.interel.uoa.gr\/fileadmin\/interel .uoa.gr\/uploads\/TS\/Pin_dimer_symf_2022-2023_TELIKOS-backup_20.4.2022-final.pdf\" target=\"_self\">Erasmus+ Bilateral Agreements for 2022-2023<\/a>. Traveling professors must be members of the teaching\/research staff. It is noted that according to the directive of the IKY, faculty members who have an educational permit during the period of the move can also move through Erasmus+.<\/p>\n<p>Information about the participation process is provided by the Department of Public Relations and History of NKUA:\u00a0 <em>http:\/\/www.interel.uoa.gr\/erasmus\/ts.html <\/em><\/p>\n<p><a name=\"_Toc125915163\"><\/a><strong><em>\u00a0<\/em><\/strong><\/p>\n<p class=\" translation-block\"><strong><em>A<\/em><\/strong><strong><em>.4 Movements of outgoing personnel for training (<\/em><\/strong><strong><em>STT<\/em><\/strong><strong><em>)<\/em><\/strong><\/p>\n<p>This action of the Erasmus+ program concerns the movements of outgoing personnel for training in Higher Education Institutions or in a public\/private body active in the labor market or in the fields of education, training and youth.<\/p>\n<p>Information about the participation process is provided by the Department of Public Relations and History of NKUA:<\/p>\n<p><a href=\"http:\/\/www.interel.uoa.gr\/erasmus\/staff-mobility.html\"><em>http:\/\/www.interel.uoa.gr\/erasmus\/staff-mobility.html<\/em><\/a><\/p>\n<p><strong>For more information please contact the Depatrment ERASMUS+ programs delegate, Assistant Professor Antonia Terpou (aterpou@agro.uoa.gr) or deputy Assistant Professor Ioannis Doukas (jodoukas@agro.uoa.gr).<\/strong><\/p>\n\n\t\t<\/div>\n\t<\/div>\n<\/div><\/div><\/div><\/div><\/div><\/div><\/div><\/div><div class=\"vc_row wpb_row vc_row-fluid\"><div class=\"wpb_column vc_column_container vc_col-md-12\"><div class=\"vc_column-inner\"><div class=\"wpb_wrapper\">\n\t<div class=\"wpb_text_column wpb_content_element\" >\n\t\t<div class=\"wpb_wrapper\">\n\t\t\t\n\t\t<\/div>\n\t<\/div>\n\n\t<div class=\"wpb_text_column wpb_content_element\" >\n\t\t<div class=\"wpb_wrapper\">\n\t\t\t<p><strong>\u03a3\u03c5\u03bd\u03b5\u03c1\u03b3\u03b1\u03b6\u03cc\u03bc\u03b5\u03bd\u03b1 \u03a0\u03b1\u03bd\u03b5\u03c0\u03b9\u03c3\u03c4\u03ae\u03bc\u03b9\u03b1<\/strong><\/p>\n<p>\u03a4\u03bf \u03a4\u03bc\u03ae\u03bc\u03b1 \u0391\u03b3\u03c1\u03bf\u03c4\u03b9\u03ba\u03ae\u03c2 \u0391\u03bd\u03ac\u03c0\u03c4\u03c5\u03be\u03b7\u03c2, \u0391\u03b3\u03c1\u03bf\u03b4\u03b9\u03b1\u03c4\u03c1\u03bf\u03c6\u03ae\u03c2 \u03ba\u03b1\u03b9 \u0394\u03b9\u03b1\u03c7\u03b5\u03af\u03c1\u03b9\u03c3\u03b7\u03c2 \u03a6\u03c5\u03c3\u03b9\u03ba\u03ce\u03bd \u03a0\u03cc\u03c1\u03c9\u03bd \u03c3\u03c4\u03b1 \u03c0\u03bb\u03b1\u03af\u03c3\u03b9\u03b1 \u03c4\u03b7\u03c2 \u03b5\u03be\u03c9\u03c3\u03c4\u03c1\u03ad\u03c6\u03b5\u03b9\u03b1\u03c2 \u03ba\u03b1\u03b9 \u03bc\u03ad\u03c3\u03c9 \u03c4\u03bf\u03c5 \u03a0\u03b1\u03bd\u03b5\u03c5\u03c1\u03c9\u03c0\u03b1\u03ca\u03ba\u03bf\u03cd \u03a0\u03c1\u03bf\u03b3\u03c1\u03ac\u03bc\u03bc\u03b1\u03c4\u03bf\u03c2 ERASMUS+ \u03c3\u03cd\u03bd\u03b1\u03c8\u03b5 \u03b4\u03b9\u03bc\u03b5\u03c1\u03ae\u03c2 \u0394\u03b9-\u03b9\u03b4\u03c1\u03c5\u03bc\u03b1\u03c4\u03b9\u03ba\u03ad\u03c2 \u03a3\u03c5\u03bc\u03c6\u03c9\u03bd\u03af\u03b5\u03c2 \u03bc\u03b5 \u03c4\u03bf \u03a0\u03b1\u03bd\u03b5\u03c0\u03b9\u03c3\u03c4\u03ae\u03bc\u03b9\u03bf Reims, \u0393\u03b1\u03bb\u03bb\u03af\u03b1 \u03ba\u03b1\u03b9\u00a0 \u03c4\u03bf \u03a0\u03b1\u03bd\u03b5\u03c0\u03b9\u03c3\u03c4\u03ae\u03bc\u03b9\u03bf \u03c4\u03bf\u03c5 Brno, \u03a4\u03c3\u03b5\u03c7\u03af\u03b1 \u03b3\u03b9\u03b1 \u03c4\u03b7\u03bd \u03bc\u03b5\u03c4\u03b1\u03ba\u03af\u03bd\u03b7\u03c3\u03b7 \u03c6\u03bf\u03b9\u03c4\u03b7\u03c4\u03ce\u03bd \u03ba\u03b1\u03b9 \u03b5\u03ba\u03c0\u03b1\u03b9\u03b4\u03b5\u03c5\u03c4\u03b9\u03ba\u03bf\u03cd \u03c0\u03c1\u03bf\u03c3\u03c9\u03c0\u03b9\u03ba\u03bf\u03cd \u03b3\u03b9\u03b1 \u03c4\u03bf \u03c7\u03c1\u03bf\u03bd\u03b9\u03ba\u03cc \u03b4\u03b9\u03ac\u03c3\u03c4\u03b7\u03bc\u03b1 2024-2029<\/p>\n<p>\u0391\u03bd\u03b1\u03bb\u03c5\u03c4\u03b9\u03ba\u03ad\u03c2 \u03c0\u03bb\u03b7\u03c1\u03bf\u03c6\u03bf\u03c1\u03af\u03b5\u03c2 \u03c0\u03b1\u03c1\u03bf\u03c5\u03c3\u03b9\u03ac\u03b6\u03bf\u03bd\u03c4\u03b1\u03b9 \u03c3\u03c4\u03bf\u03c5\u03c2 \u03c0\u03b1\u03c1\u03b1\u03ba\u03ac\u03c4\u03c9 \u03a0\u03af\u03bd\u03b1\u03ba\u03b5\u03c2.<\/p>\n\n\t\t<\/div>\n\t<\/div>\n<div class=\"vc_tta-container\" data-vc-action=\"collapse\"><div class=\"vc_general vc_tta vc_tta-accordion vc_tta-color-vista-blue vc_tta-style-modern vc_tta-shape-rounded vc_tta-spacing-2 vc_tta-controls-align-left\"><div class=\"vc_tta-panels-container\"><div class=\"vc_tta-panels\"><div class=\"vc_tta-panel\" id=\"1706530372503-351b3c98-c4bc\" data-vc-content=\".vc_tta-panel-body\"><div class=\"vc_tta-panel-heading\"><h4 class=\"vc_tta-panel-title vc_tta-controls-icon-position-left\"><a href=\"#1706530372503-351b3c98-c4bc\" data-vc-accordion data-vc-container=\".vc_tta-container\"><span class=\"vc_tta-title-text\">Universite de Reims Champagne-Ardenne (\u0393\u03b1\u03bb\u03bb\u03af\u03b1)<\/span><i class=\"vc_tta-controls-icon vc_tta-controls-icon-plus\"><\/i><\/a><\/h4><\/div><div class=\"vc_tta-panel-body\">\n\t<div class=\"wpb_text_column wpb_content_element\" >\n\t\t<div class=\"wpb_wrapper\">\n\t\t\t<table>\n<tbody>\n<tr>\n<td width=\"400\">E-Mail\u00a0<a href=\"mailto:mobilite-internationale@univ-reims.fr\"><br \/>\n<strong>mobilite-internationale@univ-reims.fr<\/strong><br \/>\n<\/a>https:\/\/www.univ-reims.eu\/<\/td>\n<td width=\"350\">\u039a\u03c9\u03b4\u03b9\u03ba\u03cc\u03c2 Erasmus+<br \/>\n<strong>F REIMS01<\/strong><\/td>\n<td width=\"300\"><strong>\u03a3\u03b5 \u03b9\u03c3\u03c7\u03cd:<\/strong> 2024 \u03ad\u03c9\u03c2 2029<br \/>\n<strong>\u039a\u03cd\u03ba\u03bb\u03bf\u03b9 \u03a3\u03c0\u03bf\u03c5\u03b4\u03ce\u03bd<\/strong> \u039c\u03b5\u03c4\u03b1\u03c0\u03c4\u03c5\u03c7\u03b9\u03b1\u03ba\u03cc &#8211; \u0394\u03b9\u03b4\u03b1\u03ba\u03c4\u03bf\u03c1\u03b9\u03ba\u03cc<\/td>\n<td width=\"120\"><strong>\u03a3\u03c5\u03bd\u03c4\u03bf\u03bd\u03b9\u03c3\u03c4\u03ae\u03c2 Erasmus\u00a0<\/strong><br \/>\nAntonia Terpou<\/td>\n<\/tr>\n<tr>\n<td width=\"400\"><span style=\"color: #008000;\"><strong>\u0395\u03b9\u03c3\u03b5\u03c1\u03c7\u03cc\u03bc\u03b5\u03bd\u03bf\u03b9<\/strong><\/span><br \/>\n<strong>\u03a3\u03cd\u03bd\u03bf\u03bb\u03bf: <\/strong>2\/12 \u03bc\u03ae\u03bd\u03b5\u03c2<strong><br \/>\n\u039c\u03b5\u03c4\u03b1\u03c0\u03c4\u03c5\u03c7\u03b9\u03b1\u03ba\u03bf\u03af: <\/strong>2\/12 \u03bc\u03ae\u03bd\u03b5\u03c2<strong><br \/>\n\u03a5\u03c0\u03bf\u03c8\u03ae\u03c6\u03b9\u03bf\u03b9 \u0394\u03b9\u03b4\u03ac\u03ba\u03c4\u03bf\u03c1\u03b5\u03c2: <\/strong>2\/12 \u03bc\u03ae\u03bd\u03b5\u03c2<\/td>\n<td width=\"350\"><span style=\"color: #008000;\"><strong>\u0395\u03be\u03b5\u03c1\u03c7\u03cc\u03bc\u03b5\u03bd\u03bf\u03b9<\/strong><\/span><br \/>\n<strong>\u03a3\u03cd\u03bd\u03bf\u03bb\u03bf: <\/strong>2\/12 \u03bc\u03ae\u03bd\u03b5\u03c2<br \/>\n<strong>\u039c\u03b5\u03c4\u03b1\u03c0\u03c4\u03c5\u03c7\u03b9\u03b1\u03ba\u03bf\u03af: <\/strong>2\/12 \u03bc\u03ae\u03bd\u03b5\u03c2<strong><br \/>\n\u03a5\u03c0\u03bf\u03c8\u03ae\u03c6\u03b9\u03bf\u03b9 \u0394\u03b9\u03b4\u03ac\u03ba\u03c4\u03bf\u03c1\u03b5\u03c2: <\/strong>2\/12 \u03bc\u03ae\u03bd\u03b5\u03c2<\/td>\n<td width=\"300\"><span style=\"color: #008000;\"><strong>Staff<\/strong><\/span><br \/>\n<strong>\u0394\u03b9\u03b4\u03b1\u03ba\u03c4\u03b9\u03ba\u03cc \u03a0\u03c1\u03bf\u03c3\u03c9\u03c0\u03b9\u03ba\u03cc:<\/strong><br \/>\n5 \u03bc\u03ad\u03c1\u03b5\u03c2\/\u03c7\u03c1\u03cc\u03bd\u03bf<\/td>\n<td width=\"120\"><span style=\"color: #008000;\"><strong>\u0394\u03b9\u03b4\u03b1\u03ba\u03c4\u03b9\u03ba\u03cc \u03a0\u03c1\u03bf\u03c3\u03c9\u03c0\u03b9\u03ba\u03cc:<\/strong><\/span><\/p>\n<p>Nikolaos Afratis<\/td>\n<\/tr>\n<\/tbody>\n<\/table>\n\n\t\t<\/div>\n\t<\/div>\n<\/div><\/div><div class=\"vc_tta-panel\" id=\"1706530372524-8c460196-0c19\" data-vc-content=\".vc_tta-panel-body\"><div class=\"vc_tta-panel-heading\"><h4 class=\"vc_tta-panel-title vc_tta-controls-icon-position-left\"><a href=\"#1706530372524-8c460196-0c19\" data-vc-accordion data-vc-container=\".vc_tta-container\"><span class=\"vc_tta-title-text\">Mendelova univerzita v Brn\u011b (\u03a4\u03c3\u03b5\u03c7\u03af\u03b1)<\/span><i class=\"vc_tta-controls-icon vc_tta-controls-icon-plus\"><\/i><\/a><\/h4><\/div><div class=\"vc_tta-panel-body\">\n\t<div class=\"wpb_text_column wpb_content_element\" >\n\t\t<div class=\"wpb_wrapper\">\n\t\t\t<table>\n<tbody>\n<tr>\n<td width=\"400\">E-Mail <a href=\"mailto:incoming@mendelu.cz\"><strong>incoming@mendelu.cz<\/strong><\/a><br \/>\nhttp:\/\/www.mendelu.cz<\/td>\n<td width=\"350\">\u039a\u03c9\u03b4\u03b9\u03ba\u03cc\u03c2 Erasmus+<br \/>\n<strong>CZ BRNO02<\/strong><\/td>\n<td width=\"300\"><strong>\u03a3\u03b5 \u03b9\u03c3\u03c7\u03cd:<\/strong> 2024 \u03ad\u03c9\u03c2 2029<br \/>\n<strong>\u039a\u03cd\u03ba\u03bb\u03bf\u03b9 \u03a3\u03c0\u03bf\u03c5\u03b4\u03ce\u03bd<\/strong> \u039c\u03b5\u03c4\u03b1\u03c0\u03c4\u03c5\u03c7\u03b9\u03b1\u03ba\u03cc &#8211; \u0394\u03b9\u03b4\u03b1\u03ba\u03c4\u03bf\u03c1\u03b9\u03ba\u03cc<\/td>\n<td width=\"120\"><strong>\u03a3\u03c5\u03bd\u03c4\u03bf\u03bd\u03b9\u03c3\u03c4\u03ae\u03c2 Erasmus\u00a0<\/strong><br \/>\nAntonia Terpou<\/td>\n<\/tr>\n<tr>\n<td width=\"400\"><span style=\"color: #008000;\"><strong>\u0395\u03b9\u03c3\u03b5\u03c1\u03c7\u03cc\u03bc\u03b5\u03bd\u03bf\u03b9<\/strong><\/span><br \/>\n<strong>\u03a3\u03cd\u03bd\u03bf\u03bb\u03bf: <\/strong>2\/12 \u03bc\u03ae\u03bd\u03b5\u03c2<strong><br \/>\n\u039c\u03b5\u03c4\u03b1\u03c0\u03c4\u03c5\u03c7\u03b9\u03b1\u03ba\u03bf\u03af: <\/strong>2\/12 \u03bc\u03ae\u03bd\u03b5\u03c2<strong><br \/>\n\u03a5\u03c0\u03bf\u03c8\u03ae\u03c6\u03b9\u03bf\u03b9 \u0394\u03b9\u03b4\u03ac\u03ba\u03c4\u03bf\u03c1\u03b5\u03c2: <\/strong>2\/12 \u03bc\u03ae\u03bd\u03b5\u03c2<\/td>\n<td width=\"350\"><span style=\"color: #008000;\"><strong>\u0395\u03be\u03b5\u03c1\u03c7\u03cc\u03bc\u03b5\u03bd\u03bf\u03b9<\/strong><\/span><br \/>\n<strong>\u03a3\u03cd\u03bd\u03bf\u03bb\u03bf: <\/strong>2\/12 \u03bc\u03ae\u03bd\u03b5\u03c2<br \/>\n<strong>\u039c\u03b5\u03c4\u03b1\u03c0\u03c4\u03c5\u03c7\u03b9\u03b1\u03ba\u03bf\u03af: <\/strong>2\/12 \u03bc\u03ae\u03bd\u03b5\u03c2<strong><br \/>\n\u03a5\u03c0\u03bf\u03c8\u03ae\u03c6\u03b9\u03bf\u03b9 \u0394\u03b9\u03b4\u03ac\u03ba\u03c4\u03bf\u03c1\u03b5\u03c2: <\/strong>2\/12 \u03bc\u03ae\u03bd\u03b5\u03c2<\/td>\n<td width=\"300\"><span style=\"color: #008000;\"><strong>Staff<\/strong><\/span><br \/>\n<strong>\u0394\u03b9\u03b4\u03b1\u03ba\u03c4\u03b9\u03ba\u03cc \u03a0\u03c1\u03bf\u03c3\u03c9\u03c0\u03b9\u03ba\u03cc:<\/strong><br \/>\n5 \u03bc\u03ad\u03c1\u03b5\u03c2\/\u03c7\u03c1\u03cc\u03bd\u03bf<\/td>\n<td width=\"120\"><span style=\"color: #008000;\"><strong>\u0394\u03b9\u03b4\u03b1\u03ba\u03c4\u03b9\u03ba\u03cc \u03a0\u03c1\u03bf\u03c3\u03c9\u03c0\u03b9\u03ba\u03cc:<\/strong><\/span><\/p>\n<p>Antonia Terpou<\/td>\n<\/tr>\n<\/tbody>\n<\/table>\n\n\t\t<\/div>\n\t<\/div>\n<\/div><\/div><\/div><\/div><\/div><\/div>\n\t<div class=\"wpb_text_column wpb_content_element\" >\n\t\t<div class=\"wpb_wrapper\">\n\t\t\t<p><strong>\u03a7\u03c1\u03ae\u03c3\u03b9\u03bc\u03b1 site :<\/strong><\/p>\n<p><strong>Erasmus+ Student Mobility\/KA131<\/strong> \u00a0\u00a0<a href=\"http:\/\/en.interel.uoa.gr\/erasmus\/erasmus-student-mobility.html\"><em>http:\/\/en.interel.uoa.gr\/erasmus\/erasmus-student-mobility.html\u00a0<\/em><\/a><\/p>\n<p><strong>Insurance Information<\/strong> \u00a0<a href=\"https:\/\/international.mendelu.cz\/en\/exchange-student\/health-insurance\/\"><em>https:\/\/international.mendelu.cz\/en\/exchange-student\/health-insurance\/\u00a0<\/em><\/a><\/p>\n<p><strong>Housing Information<\/strong><em>\u00a0 <a href=\"https:\/\/international.mendelu.cz\/en\/exchange-student\/accommodation\/\">https:\/\/international.mendelu.cz\/en\/exchange-student\/accommodation\/<\/a><\/em><\/p>\n\n\t\t<\/div>\n\t<\/div>\n<\/div><\/div><\/div><\/div>","protected":false},"excerpt":{"rendered":"\u039a\u03b9\u03bd\u03b7\u03c4\u03b9\u03ba\u03cc\u03c4\u03b7\u03c4\u03b1 \u03a6\u03bf\u03b9\u03c4\u03b7\u03c4\u03ce\u03bd\/\u03a0\u03c1\u03bf\u03c3\u03c9\u03c0\u03b9\u03ba\u03bf\u03cd \u03a3\u03cd\u03bc\u03c6\u03c9\u03bd\u03b1 \u03bc\u03b5 \u03c4\u03bf\u03bd \u0395\u03c3\u03c9\u03c4\u03b5\u03c1\u03b9\u03ba\u03cc \u039a\u03b1\u03bd\u03bf\u03bd\u03b9\u03c3\u03bc\u03cc \u039b\u03b5\u03b9\u03c4\u03bf\u03c5\u03c1\u03b3\u03af\u03b1\u03c2 (\u039a\u03b5\u03c6\u03ac\u03bb\u03b1\u03b9\u03bf \u0395, \u0386\u03c1\u03b8\u03c1\u03bf 29), \u03c4\u03bf \u03c4\u03bc\u03ae\u03bc\u03b1 \u0391\u03b3\u03c1\u03bf\u03c4\u03b9\u03ba\u03ae\u03c2 \u0391\u03bd\u03ac\u03c0\u03c4\u03c5\u03be\u03b7\u03c2, \u0391\u03b3\u03c1\u03bf\u03b4\u03b9\u03b1\u03c4\u03c1\u03bf\u03c6\u03ae\u03c2 \u03ba\u03b1\u03b9 \u0394\u03b9\u03b1\u03c7\u03b5\u03af\u03c1\u03b9\u03c3\u03b7\u03c2 \u03a6\u03c5\u03c3\u03b9\u03ba\u03ce\u03bd &hellip;","protected":false},"author":3,"featured_media":0,"parent":0,"menu_order":0,"comment_status":"closed","ping_status":"closed","template":"","meta":{"_mi_skip_tracking":false,"footnotes":""},"_links":{"self":[{"href":"https:\/\/agro.uoa.gr\/en\/wp-json\/wp\/v2\/pages\/5205"}],"collection":[{"href":"https:\/\/agro.uoa.gr\/en\/wp-json\/wp\/v2\/pages"}],"about":[{"href":"https:\/\/agro.uoa.gr\/en\/wp-json\/wp\/v2\/types\/page"}],"author":[{"embeddable":true,"href":"https:\/\/agro.uoa.gr\/en\/wp-json\/wp\/v2\/users\/3"}],"replies":[{"embeddable":true,"href":"https:\/\/agro.uoa.gr\/en\/wp-json\/wp\/v2\/comments?post=5205"}],"version-history":[{"count":39,"href":"https:\/\/agro.uoa.gr\/en\/wp-json\/wp\/v2\/pages\/5205\/revisions"}],"predecessor-version":[{"id":7480,"href":"https:\/\/agro.uoa.gr\/en\/wp-json\/wp\/v2\/pages\/5205\/revisions\/7480"}],"wp:attachment":[{"href":"https:\/\/agro.uoa.gr\/en\/wp-json\/wp\/v2\/media?parent=5205"}],"curies":[{"name":"wp","href":"https:\/\/api.w.org\/{rel}","templated":true}]}}